{"id":5707,"date":"2019-05-07T15:39:49","date_gmt":"2019-05-07T15:39:49","guid":{"rendered":"https:\/\/estudiodaes.es\/?page_id=5707"},"modified":"2019-05-07T16:01:43","modified_gmt":"2019-05-07T16:01:43","slug":"politica-de-privacidad","status":"publish","type":"page","link":"https:\/\/estudiodaes.es\/en\/politica-de-privacidad\/","title":{"rendered":"Pol\u00edtica de Privacidad"},"content":{"rendered":"<p>POL\u00cdTICA DE PRIVACIDAD DE ESTUDIODAES<\/p>\n\n\n\n<p>Fecha de entrada en vigor: Octubre de 2018\n<\/p>\n\n\n\n<p><strong>1.\n<\/strong><strong>Declaraci\u00f3n general\n<\/strong><\/p>\n\n\n\n<p>Nos tomamos su privacidad muy en serio y hemos asumido el compromiso de\nprotegerla. Creemos que deber\u00eda resultarle f\u00e1cil saber qu\u00e9 datos personales\nrecogemos y utilizamos, as\u00ed como entender sus derechos con respecto a sus\ndatos personales.\n<\/p>\n\n\n\n<p>Esta pol\u00edtica de privacidad (\u00abPol\u00edtica de privacidad\u00bb) expone nuestras pol\u00edticas y\npr\u00e1cticas relativas a la recogida, el uso y la divulgaci\u00f3n de los datos personales\nque recogemos a trav\u00e9s de nuestras Plataformas digitales, nuestras tiendas o\ndurante nuestros eventos.\n<\/p>\n\n\n\n<p>Le recomendamos que lea detenidamente esta Pol\u00edtica de privacidad ya que facilita informaci\u00f3n importante sobre sus datos personales.<br><\/p>\n\n\n\n<p>Puede imprimir el texto completo de nuestra Pol\u00edtica de privacidad.<br>\nNo dude en contactar con nosotros si tiene alguna pregunta o comentario sobre\nesta Pol\u00edtica de privacidad (consulte m\u00e1s adelante la secci\u00f3n \u00ab\u00bfC\u00f3mo contactar\ncon nosotros?\u00bb).\n<\/p>\n\n\n\n<p><strong>\u00bfQui\u00e9nes somos? <\/strong>\u00ab \u00abnosotros\u00bb se refieren a ESTUDIODAES como los responsables del tratamiento de sus datos personales.<br> ESTUDIODAES es una sociedad limitada cuyos datos fiscales son ESTUDIODAES Architectural Design SL, CIF: B98044951<br>GV Fernando el Cat\u00f3lico 26 bajo<br> 46008 Valencia<\/p>\n\n\n\n<p><strong>\u00bfQu\u00e9 datos personales recogemos y c\u00f3mo se recogen? <\/strong>Los datos personales\nson informaci\u00f3n relativa a una persona f\u00edsica identificada o identificable. Estos\npueden incluir, por ejemplo, el nombre, la direcci\u00f3n y el sexo de una persona.\nPodemos recoger datos personales directamente de usted (por ejemplo, cuando\ncompra un producto) o indirectamente (por ejemplo, de sus dispositivos\nelectr\u00f3nicos cuando estos interact\u00faan con nuestros sitios web, formularios\nelectr\u00f3nicos o aplicaciones m\u00f3viles (\u00abPlataformas digitales\u00bb)).\n<\/p>\n\n\n\n<p>3.1. Informaci\u00f3n que usted nos proporciona directamente.\n<\/p>\n\n\n\n<p>Puede que nos proporcione informaci\u00f3n en los siguientes escenarios:\n&#8211; cuando se registra online;<br>\n&#8211; cuando se suscribe a nuestro bolet\u00edn informativo;<br>\n&#8211; cuando utiliza nuestras Plataformas digitales;\n<\/p>\n\n\n\n<p>&#8211; cuando participa en alguno de nuestros eventos.\n<\/p>\n\n\n\n<p>En funci\u00f3n de qu\u00e9 tipo de informaci\u00f3n nos proporcione, esta puede incluir:\n&#8211; su identidad (incluidos su nombre y apellidos, sexo e imagen);\n<\/p>\n\n\n\n<p>&#8211; sus datos de contacto (incluidas su direcci\u00f3n postal y direcci\u00f3n de correo\nelectr\u00f3nico y los n\u00fameros de tel\u00e9fono);<br>\n&#8211; su situaci\u00f3n personal (incluido su t\u00edtulo);<br>\n&#8211; sus compras y arreglos (incluidos el historial de compras y los detalles del\npedido);\n<\/p>\n\n\n\n<p>&#8211; sus preferencias;<br> &#8211; cierta informaci\u00f3n de pago (incluida informaci\u00f3n de facturaci\u00f3n, tipo o m\u00e9todo de pago y n\u00famero de tarjeta de cr\u00e9dito o d\u00e9bito);<br> &#8211; otra informaci\u00f3n que nos pueda proporcionar al rellenar formularios o contactar con nosotros (incluidos sus comentarios u otras comunicaciones con nosotros). <\/p>\n\n\n\n<p>Le informaremos cuando necesitemos su informaci\u00f3n para procesar su solicitud,\nresponder a sus consultas o prestarle nuestros productos y servicios. El hecho de no\nfacilitar esta informaci\u00f3n puede retrasar o impedir el procesamiento de su solicitud, la\nrespuesta a su consulta y la prestaci\u00f3n de los productos o servicios.\n<\/p>\n\n\n\n<p>Nuestro objetivo es garantizar que los datos personales que poseamos sean precisos en\ntodo momento, por lo que le animamos a actualizar su informaci\u00f3n en caso de que se\nproduzcan cambios. Asimismo, puede que le pidamos que actualice su informaci\u00f3n de\nvez en cuando.\n<\/p>\n\n\n\n<p>Le recomendamos que solo facilite los datos solicitados o necesarios para responder a\nsu consulta, con la excepci\u00f3n de cualquier informaci\u00f3n sensible relacionada con el\norigen racial o \u00e9tnico, opiniones pol\u00edticas, creencias religiosas o filos\u00f3ficas, datos\nrelativos a la salud, vida sexual u orientaci\u00f3n sexual.\n<\/p>\n\n\n\n<p>Le recordamos que no prestamos nuestros servicios o productos directamente a personas\nmenores de 18 a\u00f1os y no recogemos sus datos personales. As\u00ed pues, le pedimos que no\nnos proporcione datos personales de personas menores de 18 a\u00f1os\n<\/p>\n\n\n\n<p>3.2. Informaci\u00f3n recogida indirectamente<br>\nPodemos recoger informaci\u00f3n cuando utiliza nuestras Plataformas digitales,\ncomo su direcci\u00f3n IP u otra informaci\u00f3n de navegaci\u00f3n (incluidos el\nnavegador, el sistema operativo y el modelo de dispositivo), a trav\u00e9s de\ncookies o tecnolog\u00edas similares colocadas en su dispositivo.<br>\nAlgunas cookies son necesarias para el correcto funcionamiento de nuestras\nPlataformas digitales, mientras que otras se utilizan con fines anal\u00edticos que\nnos ayudan a prestarle servicios m\u00e1s personalizados y una mejor experiencia\ndigital.<br>\nPara obtener m\u00e1s informaci\u00f3n sobre las cookies y sobre c\u00f3mo puede editar\nsus preferencias, lea nuestra Pol\u00edtica de cookies.<br>\nTambi\u00e9n podemos recoger informaci\u00f3n sobre usted de terceros, como un\nc\u00f3nyuge que contacte con nosotros en su nombre o amigos suyos que nos\nproporcionen su informaci\u00f3n para invitarle a eventos que pueden interesarle.\nSi nos proporciona datos personales sobre otra persona, debe asegurarse de\nque est\u00e1 legitimado para divulgarnos dicha informaci\u00f3n y de que, sin que\n<\/p>\n\n\n\n<p>4.\ntengamos que tomar m\u00e1s medidas requeridas por las leyes de protecci\u00f3n de\ndatos, podamos recoger, usar y divulgar dicha informaci\u00f3n con los fines\ndescritos en esta Pol\u00edtica de privacidad.<br>\nPor ejemplo, debe asegurarse de que la persona en cuesti\u00f3n conozca los\ndiferentes asuntos que se detallan en esta Pol\u00edtica de privacidad. Adem\u00e1s, la\npersona debe proporcionar los consentimientos establecidos en esta Pol\u00edtica\nde privacidad con respecto a c\u00f3mo trataremos su informaci\u00f3n personal.\n<\/p>\n\n\n\n<p><strong>\u00bfPor qu\u00e9 recogemos sus datos personales y c\u00f3mo los usamos?\n<\/strong><\/p>\n\n\n\n<p>Recogemos y usamos sus datos personales tomando como fundamento una o\nvarias de las siguientes bases jur\u00eddicas:<br>\n&#8211; hemos obtenido su consentimiento previo (por ejemplo, al suscribirse a nuestro\nbolet\u00edn informativo). Tenga en cuenta que para esta base jur\u00eddica espec\u00edfica, usted tiene\nderecho a retirar su consentimiento en cualquier momento (consulte m\u00e1s adelante\n\u00ab\u00bfQu\u00e9 derechos tiene sobre sus datos personales?\u00bb);\n<\/p>\n\n\n\n<p>&#8211; el tratamiento de los datos es necesario para la celebraci\u00f3n de cualquier contrato entre ESTUDIODAES Architectural Design SL y usted (por ejemplo, cuando realiza una compra); <\/p>\n\n\n\n<p>&#8211; tenemos un inter\u00e9s leg\u00edtimo en llevar a cabo el tratamiento y sus intereses,\nderechos fundamentales o libertades no prevalecen sobre ese inter\u00e9s leg\u00edtimo (por\nejemplo, para prevenir el fraude en los pagos);\n<\/p>\n\n\n\n<p>&#8211; debemos tratar sus datos personales para cumplir con las leyes y reglamentos\naplicables.\n<\/p>\n\n\n\n<p>Dependiendo del contexto, podemos usar sus datos personales para:<br>\n&#8211; proporcionarle los productos o servicios que ha solicitado;<br>\n&#8211; realizar comprobaciones para identificarle y verificar su identidad;<br>\n&#8211; enviarle comunicaciones de marketing<br>\n-con su consentimiento previo (consulte la secci\u00f3n \u00abComunicaciones de\nmarketing\u00bb);<br>\n&#8211; prestarle servicios posventa;<br>\n&#8211; responder a sus consultas, solicitudes y sugerencias;<br>\n&#8211; gestionar los eventos a los que se haya registrado y\/o en los que haya participado;\n<\/p>\n\n\n\n<p>-detectar cualquier actividad fraudulenta o ilegal, incluida la protecci\u00f3n de sus transacciones mediante la detecci\u00f3n y prevenci\u00f3n de fraudes contra usted y ESTUDIODAES<\/p>\n\n\n\n<p>&#8211; protegerle a usted, a los empleados y a otras personas de nuestra propiedad;\n<\/p>\n\n\n\n<p>&#8211; administrar las existencias de ciertos tipos de productos raros para permitir una\nasignaci\u00f3n apropiada de los productos que vendemos;\n<\/p>\n\n\n\n<p>&#8211; supervisar y mejorar nuestras Plataformas digitales;<br>\n&#8211; realizar an\u00e1lisis estad\u00edsticos;<br>\n&#8211; mejorar nuestros productos y servicios;<br>\n&#8211; facilitar informaci\u00f3n a organismos reguladores cuando sea legalmente necesario.\n<\/p>\n\n\n\n<p>5. <strong>Comunicaciones de marketing <\/strong>(bolet\u00edn informativo, invitaciones, etc.)<br> Con su consentimiento previo y expreso (generalmente obtenido al marcar una casilla espec\u00edfica en un formulario), puede recibir informaci\u00f3n sobre ofertas, servicios, productos o eventos enviados por ESTUDIODAES Architectural Design SL. <\/p>\n\n\n\n<p>Nos amparamos en su consentimiento para poder tratar los datos personales que\nnos facilita con este fin.<br>\nPor lo tanto, si desea dejar de recibir esta informaci\u00f3n, puede retirar su\nconsentimiento en cualquier momento.\n<\/p>\n\n\n\n<p>Puede que le solicitemos que confirme o actualice sus preferencias de marketing\nsi nos pide que le proporcionemos productos y\/o servicios adicionales en el\nfuturo o si se producen cambios en la ley, la reglamentaci\u00f3n o la estructura de\nnuestro negocio.\n<\/p>\n\n\n\n<ol class=\"wp-block-list\"><li> <strong>\u00bfDurante cu\u00e1nto tiempo conservamos sus datos personales?<br> <\/strong>Sus datos personales se tratan durante el periodo de tiempo necesario con los fines para los que se hayan recogido, para cumplir con las obligaciones legales y reglamentarias, y durante el periodo de tiempo necesario para establecer, ejercer o defender cualquier derecho legal.<br> Para determinar los periodos de retenci\u00f3n m\u00e1s adecuados para sus datos personales, hemos considerado espec\u00edficamente la cantidad, naturaleza y sensibilidad de sus datos personales, las razones por las cuales los recogemos, el servicio que usted merece y espera de nosotros y los requisitos legales aplicables. Por ejemplo:<br> &#8211; con respecto a nuestros clientes potenciales: sus datos se conservan durante tres a\u00f1os a partir de la fecha de su \u00faltima actividad y posteriormente se eliminan o archivan para cumplir con las obligaciones legales de retenci\u00f3n;<br> &#8211; con respecto a nuestros clientes: sus datos se conservan durante la vigencia de nuestra relaci\u00f3n comercial y durante un m\u00e1ximo de diez a\u00f1os y posteriormente se eliminan o archivan para cumplir con las obligaciones legales de retenci\u00f3n;<br> &#8211; con respecto a las cookies utilizadas en las Plataformas digitales: se conservan durante un m\u00e1ximo de 13 meses desde el momento en que se hayan instalado en su dispositivo. <\/li><li> <strong>\u00bfC\u00f3mo divulgamos y transferimos sus datos personales?<br> <\/strong>Podemos divulgar sus datos personales solo a las partes indicadas a continuaci\u00f3n y por las siguientes razones:- Divulgamos sus datos personales a los empleados de ESTUDIODAES Architectural Design SL que necesiten tener acceso a sus datos personales, est\u00e9n autorizados para tratarlos con el fin de lograr los fines anteriormente mencionados y se hayan comprometido a mantener la confidencialidad. &#8211; Podemos divulgar sus datos personales a las empresas de ESTUDIODAES Architectural Design SL que se encarguen de la relaci\u00f3n con el cliente, comercio minorista, comercio electr\u00f3nico, comunicaci\u00f3n, auditor\u00eda interna y gesti\u00f3n de TI con los fines establecidos en esta Pol\u00edtica de privacidad y para proporcionarle el mismo nivel de servicio en todas las empresas ESTUDIODAES Architectural Design SL. Esto puede incluir proporcionarle los productos y servicios que haya solicitado, mejorar los servicios prestados y, con su consentimiento, enviarle comunicaciones de marketing sobre ofertas, servicios, productos o eventos (con este fin, puede retirar su consentimiento en cualquier momento. Con el objetivo espec\u00edfico de combatir el fraude en los pagos, sus datos personales se transfieren a ESTUDIODAES Architectural Design SL para procesar su pedido y luchar contra los intentos de fraude en los m\u00e9todos de pago online. Como parte de nuestro inter\u00e9s leg\u00edtimo de luchar contra el fraude en los m\u00e9todos de pago, ESTUDIODAES Architectural Design SL que act\u00faa como responsable del tratamiento de los datos, puede transferir su informaci\u00f3n financiera a un proveedor de servicios externo que cuenta con una herramienta de detecci\u00f3n de fraude con el fin de autenticar un pago. Este proveedor de servicios se ha comprometido a mantener la confidencialidad. <\/li><\/ol>\n\n\n\n<p>&#8211; Tambi\u00e9n podemos divulgar datos personales a proveedores externos que act\u00faen en nombre ESTUDIODAES Architectural Design SL y que est\u00e9n autorizados por esta. La totalidad del tratamiento mencionado se basa en nuestras instrucciones previas establecidas en un contrato vinculante que cumple con los requisitos de la ley aplicable. Estas divulgaciones se llevan a cabo con diferentes fines, que incluyen: o desarrollo y soporte de TI; El alojamiento y realizaci\u00f3n de estudios de marketing y empresariales y campa\u00f1as de marketing; o verificaci\u00f3n de su informaci\u00f3n, autenticaci\u00f3n de pagos, procesamiento de pedidos y pagos y colaboraci\u00f3n con terceros que prestan servicios de informes de cr\u00e9dito o servicios de cumplimiento de pagos y pedidos; o servicios de entrega&#8230; Estos proveedores se han comprometido a mantener la confidencialidad y no se les permite usar sus datos personales con ning\u00fan otro fin. Adem\u00e1s, les exigimos que utilicen las medidas de seguridad adecuadas para proteger sus datos personales. Parte de esos proveedores de servicios se encuentran fuera de su pa\u00eds, especialmente fuera de la UE. Hemos tomado medidas para garantizar que todos los datos personales reciban la protecci\u00f3n adecuada y que todas las transferencias de datos personales, incluidas aquellas fuera de la UE, se lleven a cabo de forma legal. Cuando transfiramos datos personales a un pa\u00eds no perteneciente a la UE y que no est\u00e9 clasificado por la Comisi\u00f3n Europea como proveedor de un nivel adecuado de protecci\u00f3n de datos personales, las transferencias se realizar\u00e1n con arreglo a un acuerdo que cubra los requisitos de la UE para la transferencia de datos personales fuera de la UE, como las cl\u00e1usulas contractuales tipo aprobadas por la Comisi\u00f3n Europea, o seg\u00fan otras medidas de seguridad apropiadas, como el Escudo de privacidad UE-EE. UU. para transferencias a los Estados Unidos de Am\u00e9rica. Si desea obtener una copia de las medidas de seguridad adecuadas pertinentes, puede enviarnos una solicitud utilizando los datos de contacto que encontrar\u00e1 en la secci\u00f3n \u00ab\u00bfC\u00f3mo contactar con nosotros?\u00bb m\u00e1s adelante. <\/p>\n\n\n\n<p>&#8211; Es posible que nos veamos obligados a divulgar sus datos personales a\nautoridades o terceros porque as\u00ed lo exijan las disposiciones vinculantes de una\nley aplicable o para responder a procedimientos u otras solicitudes legales.\n<\/p>\n\n\n\n<p>&#8211; Tambi\u00e9n podemos divulgar o tratar sus datos personales, conforme a la legislaci\u00f3n aplicable, para defender nuestros intereses leg\u00edtimos (por ejemplo, en procedimientos legales civiles o penales). Por ejemplo, podemos divulgar los datos personales que sean necesarios para identificar, contactar con o emprender acciones legales contra una persona o entidad que pueda estar violando nuestros T\u00e9rminos y condiciones de venta y uso, o que pueda estar causando lesiones o interfiriendo con otros usuarios de nuestras Plataformas digitales.<br> &#8211; En el caso de que ESTUDIODAES Architectural Design SL, o la totalidad o parte de sus activos, sean adquiridos por un tercero, sus datos personales podr\u00edan encontrarse entre los activos transferidos. <\/p>\n\n\n\n<ol class=\"wp-block-list\"><li> <strong>\u00bfC\u00f3mo protegemos sus datos personales?<br> <\/strong>Todos sus datos personales son estrictamente confidenciales y solo estar\u00e1n al alcance, conforme al principio de la \u00abnecesidad de conocimiento\u00bb, del personal debidamente autorizado de ESTUDIODAES Architectural Design SL, y proveedores externos que act\u00faen en nuestro nombre y que cuenten con medidas de seguridad t\u00e9cnicas y organizativas adecuadas.<br> ESTUDIODAES Architectural Design SL ha implementado medidas de seguridad para proteger sus datos personales contra el acceso y uso no autorizados. Seguimos procedimientos de seguridad adecuados para la conservaci\u00f3n y divulgaci\u00f3n de sus datos personales con el fin de evitar el acceso no autorizado por parte de terceros y evitar que sus datos se pierdan accidentalmente. Restringimos el grupo de quienes acceden a sus datos personales a aquellos que tengan una verdadera necesidad comercial de acceder a ellos.<br> Aquellos que accedan a sus datos estar\u00e1n sujetos a un deber de confidencialidad ante ESTUDIODAES Architectural Design SL.<br> Tambi\u00e9n contamos con procedimientos implementados para gestionar cualquier sospecha de violaci\u00f3n de la seguridad de los datos.<br> Le informaremos a usted y a cualquier entidad reguladora pertinente acerca de cualquier presunta violaci\u00f3n de la seguridad de los datos cuando as\u00ed lo exija la ley. Asimismo, exigimos a las partes a quienes transferimos sus datos personales que sigan los mismos procedimientos.<br> Desafortunadamente, la transmisi\u00f3n de informaci\u00f3n a trav\u00e9s de Internet no es completamente segura. Por lo tanto, no podemos garantizar la seguridad de los datos personales que nos transfiera a trav\u00e9s de Internet.<br> Usted asume el riesgo de dicha transferencia y reconoce y acepta que no nos responsabilizaremos de ning\u00fan uso, distribuci\u00f3n, da\u00f1o o destrucci\u00f3n no autorizados de su informaci\u00f3n, excepto cuando la ley nos exija asumir dicha responsabilidad.<br> Una vez que hayamos recibido sus datos personales, utilizaremos las medidas de seguridad anteriormente mencionadas. <\/li><li> <strong>\u00bfQu\u00e9 derechos tiene sobre sus datos personales?<br> <\/strong>De acuerdo con las leyes de protecci\u00f3n de datos aplicables, usted puede, en cualquier momento, solicitar el acceso, la rectificaci\u00f3n, la supresi\u00f3n y la portabilidad de sus datos personales o limitar y oponerse al tratamiento de estos. A continuaci\u00f3n, se facilita un resumen de estos derechos:<br> Su derecho al acceso: el derecho a recibir una copia de sus datos personales (el derecho al acceso).<br> Su derecho a la rectificaci\u00f3n: el derecho a exigirnos que corrijamos cualquier error en sus datos o completemos su informaci\u00f3n.<br> Su derecho al olvido: el derecho a solicitar que eliminemos sus datos personales, en determinadas situaciones. <\/li><\/ol>\n\n\n\n<p>Su derecho a la limitaci\u00f3n del tratamiento: el derecho a exigirnos que limitemos\nel tratamiento de sus datos personales en determinadas circunstancias (por\nejemplo, si cuestiona la precisi\u00f3n de los datos).<br>\nSu derecho a la portabilidad de datos: el derecho a recibir la informaci\u00f3n\npersonal que nos proporcion\u00f3 en un formato estructurado, de uso com\u00fan y de\nlectura mec\u00e1nica y\/o transferir esos datos a un tercero, en determinadas\nsituaciones.\n<\/p>\n\n\n\n<p>Su derecho a oponerse al tratamiento: el derecho a oponerse:<br>\n\u2014 en cualquier momento a que se traten sus datos personales para marketing\ndirecto;<br>\n\u2014 en otras situaciones, al tratamiento continuo que hacemos de su informaci\u00f3n\npersonal, como por ejemplo, el tratamiento llevado a cabo con el fin de nuestros\nintereses leg\u00edtimos. En cualquier momento puede decidir retirar su\nconsentimiento al tratamiento de sus datos personales. El hecho de que retire su\nconsentimiento no impedir\u00e1 que tratemos sus datos personales en funci\u00f3n de\notras bases jur\u00eddicas, si las hubiere, como el cumplimiento de sus pedidos y la\nconservaci\u00f3n de los datos de su pedido seg\u00fan lo exijan las leyes vigentes. Si\ndesea dejar de recibir nuestra informaci\u00f3n de marketing o promocional, le\nrecordamos que puede retirar su consentimiento para el marketing directo en\ncualquier momento directamente desde el enlace de cancelaci\u00f3n de suscripci\u00f3n\nincluido en cada mensaje de marketing electr\u00f3nico que le enviemos.\n<\/p>\n\n\n\n<p>Si lo hace, actualizaremos inmediatamente nuestras bases de datos y tomaremos\ntodas las medidas razonables para satisfacer su solicitud en cuanto sea posible,\npero podremos continuar contactando con usted en la medida necesaria con los\nfines relacionados con los productos o servicios que haya solicitado. Tambi\u00e9n\ntiene derecho a presentar una queja ante su autoridad local de protecci\u00f3n de datos\nen caso de una presunta infracci\u00f3n de las normas de protecci\u00f3n de datos que le\nconciernan.\n<\/p>\n\n\n\n<p>Para ejercer cualquiera de esos derechos, p\u00f3ngase en contacto con nosotros\nutilizando los datos de contacto que ver\u00e1 a continuaci\u00f3n (consulte la secci\u00f3n\n\u00ab\u00bfC\u00f3mo contactar con nosotros?\u00bb).<br>\nTenga en cuenta que al ejercer cualquiera de los derechos enumerados\nanteriormente, le pediremos que nos indique qu\u00e9 derecho desea ejercer y deber\u00e1\nfacilitarnos cierta informaci\u00f3n (copia de un documento de identidad, pasaporte u\notro documento identificatorio legalmente reconocido) con fines de identificaci\u00f3n\npara poder procesar su solicitud y protegerle contra solicitudes fraudulentas de\nterceros.\n<\/p>\n\n\n\n<p>10. <strong>\u00bfC\u00f3mo contactar con nosotros?<br> <\/strong>Para cuestiones relacionadas con su cuenta, para retirar su consentimiento, hacer preguntas de car\u00e1cter general o presentar una queja, p\u00f3ngase en contacto con nuestro Servicio de Atenci\u00f3n al Cliente:<br> &#8211; Por correo electr\u00f3nico: estudio@estudiodaes.es<br> &#8211; Por tel\u00e9fono: +34 960 098 748\u202c<\/p>\n\n\n\n<p>-Por correo postal: <br>ESTUDIODAES Architectural Design SL<br> GV Fernando el Cat\u00f3lico 26 bajo<br> 46008 Valencia<\/p>\n\n\n\n<p>Para cuestiones espec\u00edficamente relacionadas con los correos electr\u00f3nicos de\nmarketing, le recordamos que en cualquier momento puede cancelar su\nsuscripci\u00f3n directamente mediante el enlace \u00abcancelar suscripci\u00f3n\u00bb que\nencontrar\u00e1 en cualquier mensaje electr\u00f3nico de marketing que le enviemos.\n<\/p>\n\n\n\n<p>Si tiene alguna pregunta o inquietud sobre nuestra Pol\u00edtica de privacidad o el\ntratamiento de datos, puede contactar con nosotros y le solventaremos las dudas.\n<\/p>\n\n\n\n<p>11. <strong>Cambios en esta Pol\u00edtica de privacidad<br>\n<\/strong>Esta Pol\u00edtica de privacidad refleja nuestras pr\u00e1cticas actuales y est\u00e1 sujeta a\ncambios y actualizaciones ocasionales. Cuando hagamos cambios en esta Pol\u00edtica\nde privacidad, modificaremos la \u00abFecha de entrada en vigor\u00bb en la parte superior\ndel documento para indicar cu\u00e1ndo han entrado en vigor dichos cambios.\n<\/p>\n\n\n\n<p>Si realizamos cambios significativos en esta Pol\u00edtica de privacidad, se lo notificaremos mediante un aviso en la parte superior del documento y en la p\u00e1gina de inicio del sitio web \u00abestudiodaes.es\u00bb. <\/p>","protected":false},"excerpt":{"rendered":"<p>POL\u00cdTICA DE PRIVACIDAD DE ESTUDIODAES Fecha de entrada en vigor: Octubre de 2018 1. Declaraci\u00f3n general Nos tomamos su privacidad muy en serio y hemos asumido el compromiso de protegerla. Creemos que deber\u00eda resultarle f\u00e1cil saber qu\u00e9 datos personales recogemos y utilizamos, as\u00ed como entender sus derechos con respecto a sus datos personales. Esta pol\u00edtica [&#8230;]\n","protected":false},"author":1,"featured_media":0,"parent":0,"menu_order":0,"comment_status":"closed","ping_status":"closed","template":"","meta":{"footnotes":""},"class_list":["post-5707","page","type-page","status-publish","hentry"],"_links":{"self":[{"href":"https:\/\/estudiodaes.es\/en\/wp-json\/wp\/v2\/pages\/5707","targetHints":{"allow":["GET"]}}],"collection":[{"href":"https:\/\/estudiodaes.es\/en\/wp-json\/wp\/v2\/pages"}],"about":[{"href":"https:\/\/estudiodaes.es\/en\/wp-json\/wp\/v2\/types\/page"}],"author":[{"embeddable":true,"href":"https:\/\/estudiodaes.es\/en\/wp-json\/wp\/v2\/users\/1"}],"replies":[{"embeddable":true,"href":"https:\/\/estudiodaes.es\/en\/wp-json\/wp\/v2\/comments?post=5707"}],"version-history":[{"count":1,"href":"https:\/\/estudiodaes.es\/en\/wp-json\/wp\/v2\/pages\/5707\/revisions"}],"predecessor-version":[{"id":5708,"href":"https:\/\/estudiodaes.es\/en\/wp-json\/wp\/v2\/pages\/5707\/revisions\/5708"}],"wp:attachment":[{"href":"https:\/\/estudiodaes.es\/en\/wp-json\/wp\/v2\/media?parent=5707"}],"curies":[{"name":"wp","href":"https:\/\/api.w.org\/{rel}","templated":true}]}}